{"id":122,"date":"2017-12-05T12:56:17","date_gmt":"2017-12-05T11:56:17","guid":{"rendered":"http:\/\/demo08.cs-webdesign.dk\/?page_id=122"},"modified":"2019-03-28T15:16:08","modified_gmt":"2019-03-28T14:16:08","slug":"nyheder","status":"publish","type":"page","link":"http:\/\/demo08.cs-webdesign.dk\/?page_id=122","title":{"rendered":"Voksbehandling"},"content":{"rendered":"<p>En voksbehandling giver dig mulighed for at slippe af med u\u00f8nsket h\u00e5r i 3-6 uger.<br \/>\nVoksbehandling kan v\u00e6re en nem og \u00f8konomisk l\u00f8sning p\u00e5, at blive h\u00e5rfri i l\u00e6ngere tid af gangen. H\u00e5rfjerning m. voks mindsker risikoen for indgroede h\u00e5r (ses ofte efter brug af skraber) og r\u00f8de knopper. Under hver voksbehandling renses huden inden behandlingen og afsluttes med en creme, som g\u00f8r huden silkebl\u00f8d.<br \/>\nVi anbefaler, at h\u00e5rene er ca. \u00bd-1 cm.<\/p>\n<div class=\"column step-3-12\">\n<div id=\"site-container-12077\" class=\"Container Placeholder AutoResizable con-232 \" data-snap=\"1\">\n<div class=\"row\">\n<div class=\"column step-3-12 step-2-10\">\n<div id=\"site-container-12066\" class=\"Container Placeholder AutoResizable con-145 \" data-snap=\"1\">\n<div class=\"row\">\n<div class=\"column step-3-12\">\n<div id=\"site-container-12089\" class=\"Container ModuleElement Textarea AutoResizable con-145 \" data-snap=\"1\" data-containertype=\"Textarea\" data-moduleelement=\"4253\">\n<div class=\"Module-4253 Textarea\">\n<p>Hage, overl\u00e6be eller underansigt<\/p>\n<\/div>\n<\/div>\n<\/div>\n<\/div>\n<\/div>\n<\/div>\n<\/div>\n<\/div>\n<\/div>\n","protected":false},"excerpt":{"rendered":"<p>En voksbehandling giver dig mulighed for at slippe af med u\u00f8nsket h\u00e5r i 3-6 uger. Voksbehandling kan v\u00e6re en nem og \u00f8konomisk l\u00f8sning p\u00e5, at blive h\u00e5rfri i l\u00e6ngere tid af gangen. H\u00e5rfjerning m. voks mindsker risikoen for indgroede h\u00e5r (ses ofte efter brug af skraber) og r\u00f8de knopper. Under hver voksbehandling renses huden inden &hellip; <\/p>\n<p class=\"link-more\"><a href=\"http:\/\/demo08.cs-webdesign.dk\/?page_id=122\" class=\"more-link\">L\u00e6s videre<span class=\"screen-reader-text\"> &#8220;Voksbehandling&#8221;<\/span><\/a><\/p>\n","protected":false},"author":2,"featured_media":159,"parent":0,"menu_order":0,"comment_status":"closed","ping_status":"closed","template":"","meta":[],"_links":{"self":[{"href":"http:\/\/demo08.cs-webdesign.dk\/index.php?rest_route=\/wp\/v2\/pages\/122"}],"collection":[{"href":"http:\/\/demo08.cs-webdesign.dk\/index.php?rest_route=\/wp\/v2\/pages"}],"about":[{"href":"http:\/\/demo08.cs-webdesign.dk\/index.php?rest_route=\/wp\/v2\/types\/page"}],"author":[{"embeddable":true,"href":"http:\/\/demo08.cs-webdesign.dk\/index.php?rest_route=\/wp\/v2\/users\/2"}],"replies":[{"embeddable":true,"href":"http:\/\/demo08.cs-webdesign.dk\/index.php?rest_route=%2Fwp%2Fv2%2Fcomments&post=122"}],"version-history":[{"count":6,"href":"http:\/\/demo08.cs-webdesign.dk\/index.php?rest_route=\/wp\/v2\/pages\/122\/revisions"}],"predecessor-version":[{"id":160,"href":"http:\/\/demo08.cs-webdesign.dk\/index.php?rest_route=\/wp\/v2\/pages\/122\/revisions\/160"}],"wp:featuredmedia":[{"embeddable":true,"href":"http:\/\/demo08.cs-webdesign.dk\/index.php?rest_route=\/wp\/v2\/media\/159"}],"wp:attachment":[{"href":"http:\/\/demo08.cs-webdesign.dk\/index.php?rest_route=%2Fwp%2Fv2%2Fmedia&parent=122"}],"curies":[{"name":"wp","href":"https:\/\/api.w.org\/{rel}","templated":true}]}}