{"id":17,"date":"2017-11-28T15:17:19","date_gmt":"2017-11-28T14:17:19","guid":{"rendered":"http:\/\/demo08.cs-webdesign.dk\/?page_id=17"},"modified":"2019-03-28T14:45:17","modified_gmt":"2019-03-28T13:45:17","slug":"gen_arlo_sys","status":"publish","type":"page","link":"http:\/\/demo08.cs-webdesign.dk\/?page_id=17","title":{"rendered":"luksus ansigtsbehandling"},"content":{"rendered":"<p>En luksus ansigtsbehandling indeb\u00e6rer ultimativ fork\u00e6lelse af din hud og dine sanser. Behandlingen begynder med en hudanalyse, hvorefter der foretages en dobbeltafrensning, exfoliering, damp og dybderensning efterfulgt af afslappende massage af ansigt, hals, decolt\u00e9, skuldre, nakke og arme. Der bruges special maske tilpasset din hudtype. Dern\u00e6st foretages farvning af vipper og bryn samt korrektion af bryn. Sidste del af denne luksus ansigtsbehandling afsluttes med dagcreme, serum og beskyttende creme til \u00f8jenomr\u00e5de og l\u00e6ber.<\/p>\n","protected":false},"excerpt":{"rendered":"<p>En luksus ansigtsbehandling indeb\u00e6rer ultimativ fork\u00e6lelse af din hud og dine sanser. Behandlingen begynder med en hudanalyse, hvorefter der foretages en dobbeltafrensning, exfoliering, damp og dybderensning efterfulgt af afslappende massage af ansigt, hals, decolt\u00e9, skuldre, nakke og arme. Der bruges special maske tilpasset din hudtype. Dern\u00e6st foretages farvning af vipper og bryn samt korrektion af &hellip; <\/p>\n<p class=\"link-more\"><a href=\"http:\/\/demo08.cs-webdesign.dk\/?page_id=17\" class=\"more-link\">L\u00e6s videre<span class=\"screen-reader-text\"> &#8220;luksus ansigtsbehandling&#8221;<\/span><\/a><\/p>\n","protected":false},"author":2,"featured_media":148,"parent":0,"menu_order":0,"comment_status":"closed","ping_status":"closed","template":"","meta":[],"_links":{"self":[{"href":"http:\/\/demo08.cs-webdesign.dk\/index.php?rest_route=\/wp\/v2\/pages\/17"}],"collection":[{"href":"http:\/\/demo08.cs-webdesign.dk\/index.php?rest_route=\/wp\/v2\/pages"}],"about":[{"href":"http:\/\/demo08.cs-webdesign.dk\/index.php?rest_route=\/wp\/v2\/types\/page"}],"author":[{"embeddable":true,"href":"http:\/\/demo08.cs-webdesign.dk\/index.php?rest_route=\/wp\/v2\/users\/2"}],"replies":[{"embeddable":true,"href":"http:\/\/demo08.cs-webdesign.dk\/index.php?rest_route=%2Fwp%2Fv2%2Fcomments&post=17"}],"version-history":[{"count":8,"href":"http:\/\/demo08.cs-webdesign.dk\/index.php?rest_route=\/wp\/v2\/pages\/17\/revisions"}],"predecessor-version":[{"id":149,"href":"http:\/\/demo08.cs-webdesign.dk\/index.php?rest_route=\/wp\/v2\/pages\/17\/revisions\/149"}],"wp:featuredmedia":[{"embeddable":true,"href":"http:\/\/demo08.cs-webdesign.dk\/index.php?rest_route=\/wp\/v2\/media\/148"}],"wp:attachment":[{"href":"http:\/\/demo08.cs-webdesign.dk\/index.php?rest_route=%2Fwp%2Fv2%2Fmedia&parent=17"}],"curies":[{"name":"wp","href":"https:\/\/api.w.org\/{rel}","templated":true}]}}