{"id":18,"date":"2017-11-28T15:17:19","date_gmt":"2017-11-28T14:17:19","guid":{"rendered":"http:\/\/demo08.cs-webdesign.dk\/?page_id=18"},"modified":"2020-03-17T14:06:12","modified_gmt":"2020-03-17T13:06:12","slug":"arlo-baby","status":"publish","type":"page","link":"http:\/\/demo08.cs-webdesign.dk\/?page_id=18","title":{"rendered":"Shellac og negle"},"content":{"rendered":"<p>Shellac er innovation, som er en hybrid mellem lak og gel\u00e9. Shellac er en kombination mellem den hurtige og nemme p\u00e5f\u00f8ringsteknik fra lak og sit holdbare resultat fra gel\u00e9en.<\/p>\n<p>\u200b\u200bShellac p\u00e5f\u00f8res med en pensel, som vi kender det fra den almindelige neglelak-pensel, og fjernes efter kun 10 min., hvor brugen af file ikke benyttes. Det giver en st\u00e6rk beskyttelse af naturneglen og holder i 14 dage.<\/p>\n<div class=\"column step-3-12 step-2-6\">\n<div id=\"site-container-15373\" class=\"Container ModuleElement Textarea AutoResizable con-282 \" data-snap=\"1\" data-containertype=\"Textarea\" data-moduleelement=\"5364\">\n<div class=\"Module-5364 Textarea\">\n<p>\u200bN\u00e5r du forlader klinikken\u00a0 vil neglene v\u00e6re t\u00f8rre, da de h\u00e6rdes ved UV-lys.\u200b<\/p>\n<\/div>\n<\/div>\n<\/div>\n","protected":false},"excerpt":{"rendered":"<p>Shellac er innovation, som er en hybrid mellem lak og gel\u00e9. Shellac er en kombination mellem den hurtige og nemme p\u00e5f\u00f8ringsteknik fra lak og sit holdbare resultat fra gel\u00e9en. \u200b\u200bShellac p\u00e5f\u00f8res med en pensel, som vi kender det fra den almindelige neglelak-pensel, og fjernes efter kun 10 min., hvor brugen af file ikke benyttes. Det &hellip; <\/p>\n<p class=\"link-more\"><a href=\"http:\/\/demo08.cs-webdesign.dk\/?page_id=18\" class=\"more-link\">L\u00e6s videre<span class=\"screen-reader-text\"> &#8220;Shellac og negle&#8221;<\/span><\/a><\/p>\n","protected":false},"author":2,"featured_media":156,"parent":0,"menu_order":0,"comment_status":"closed","ping_status":"closed","template":"","meta":[],"_links":{"self":[{"href":"http:\/\/demo08.cs-webdesign.dk\/index.php?rest_route=\/wp\/v2\/pages\/18"}],"collection":[{"href":"http:\/\/demo08.cs-webdesign.dk\/index.php?rest_route=\/wp\/v2\/pages"}],"about":[{"href":"http:\/\/demo08.cs-webdesign.dk\/index.php?rest_route=\/wp\/v2\/types\/page"}],"author":[{"embeddable":true,"href":"http:\/\/demo08.cs-webdesign.dk\/index.php?rest_route=\/wp\/v2\/users\/2"}],"replies":[{"embeddable":true,"href":"http:\/\/demo08.cs-webdesign.dk\/index.php?rest_route=%2Fwp%2Fv2%2Fcomments&post=18"}],"version-history":[{"count":10,"href":"http:\/\/demo08.cs-webdesign.dk\/index.php?rest_route=\/wp\/v2\/pages\/18\/revisions"}],"predecessor-version":[{"id":196,"href":"http:\/\/demo08.cs-webdesign.dk\/index.php?rest_route=\/wp\/v2\/pages\/18\/revisions\/196"}],"wp:featuredmedia":[{"embeddable":true,"href":"http:\/\/demo08.cs-webdesign.dk\/index.php?rest_route=\/wp\/v2\/media\/156"}],"wp:attachment":[{"href":"http:\/\/demo08.cs-webdesign.dk\/index.php?rest_route=%2Fwp%2Fv2%2Fmedia&parent=18"}],"curies":[{"name":"wp","href":"https:\/\/api.w.org\/{rel}","templated":true}]}}