{"id":19,"date":"2017-11-28T15:17:19","date_gmt":"2017-11-28T14:17:19","guid":{"rendered":"http:\/\/demo08.cs-webdesign.dk\/?page_id=19"},"modified":"2019-03-28T15:08:17","modified_gmt":"2019-03-28T14:08:17","slug":"arlo_go","status":"publish","type":"page","link":"http:\/\/demo08.cs-webdesign.dk\/?page_id=19","title":{"rendered":"Massage"},"content":{"rendered":"<p>Under kropsmassagen vil dine muskler blive godt gennemarbejdet. Dette virker afsp\u00e6ndende og lindrende p\u00e5 \u00f8mme\/overbelastede muskler. Du vil i denne forbindelse kunne nyde din massage med sk\u00f8nne og afstressende aromaer, der fylder lokalet og fremmer den afslappende atmosf\u00e6re. Vi masserer udelukkende i rene essentielle olier,<br \/>\n\u200b<br \/>\nVi g\u00f8r s\u00e5ledes meget for at give dig en god og behagelig oplevelse, n\u00e5r du f\u00e5r massage. Vi baserer vores teknikker p\u00e5 h\u00f8j kvalitet og erfaring, hvor vi b\u00e5de tilbyder massering af ryg og krop. Vi masserer blandt andet kun i rene essentielle olier, hvilket er med til at h\u00f8jne oplevelsen. Du vil alts\u00e5 kunne nyde din behandling i trygge og rolige omgivelser, og g\u00e5 herfra med en f\u00f8lelse af velv\u00e6re i kroppen<\/p>\n","protected":false},"excerpt":{"rendered":"<p>Under kropsmassagen vil dine muskler blive godt gennemarbejdet. Dette virker afsp\u00e6ndende og lindrende p\u00e5 \u00f8mme\/overbelastede muskler. Du vil i denne forbindelse kunne nyde din massage med sk\u00f8nne og afstressende aromaer, der fylder lokalet og fremmer den afslappende atmosf\u00e6re. Vi masserer udelukkende i rene essentielle olier, \u200b Vi g\u00f8r s\u00e5ledes meget for at give dig en &hellip; <\/p>\n<p class=\"link-more\"><a href=\"http:\/\/demo08.cs-webdesign.dk\/?page_id=19\" class=\"more-link\">L\u00e6s videre<span class=\"screen-reader-text\"> &#8220;Massage&#8221;<\/span><\/a><\/p>\n","protected":false},"author":2,"featured_media":154,"parent":0,"menu_order":0,"comment_status":"closed","ping_status":"closed","template":"","meta":[],"_links":{"self":[{"href":"http:\/\/demo08.cs-webdesign.dk\/index.php?rest_route=\/wp\/v2\/pages\/19"}],"collection":[{"href":"http:\/\/demo08.cs-webdesign.dk\/index.php?rest_route=\/wp\/v2\/pages"}],"about":[{"href":"http:\/\/demo08.cs-webdesign.dk\/index.php?rest_route=\/wp\/v2\/types\/page"}],"author":[{"embeddable":true,"href":"http:\/\/demo08.cs-webdesign.dk\/index.php?rest_route=\/wp\/v2\/users\/2"}],"replies":[{"embeddable":true,"href":"http:\/\/demo08.cs-webdesign.dk\/index.php?rest_route=%2Fwp%2Fv2%2Fcomments&post=19"}],"version-history":[{"count":11,"href":"http:\/\/demo08.cs-webdesign.dk\/index.php?rest_route=\/wp\/v2\/pages\/19\/revisions"}],"predecessor-version":[{"id":158,"href":"http:\/\/demo08.cs-webdesign.dk\/index.php?rest_route=\/wp\/v2\/pages\/19\/revisions\/158"}],"wp:featuredmedia":[{"embeddable":true,"href":"http:\/\/demo08.cs-webdesign.dk\/index.php?rest_route=\/wp\/v2\/media\/154"}],"wp:attachment":[{"href":"http:\/\/demo08.cs-webdesign.dk\/index.php?rest_route=%2Fwp%2Fv2%2Fmedia&parent=19"}],"curies":[{"name":"wp","href":"https:\/\/api.w.org\/{rel}","templated":true}]}}