{"id":20,"date":"2017-11-28T15:17:19","date_gmt":"2017-11-28T14:17:19","guid":{"rendered":"http:\/\/demo08.cs-webdesign.dk\/?page_id=20"},"modified":"2019-03-28T14:55:18","modified_gmt":"2019-03-28T13:55:18","slug":"gen_arlo_kam","status":"publish","type":"page","link":"http:\/\/demo08.cs-webdesign.dk\/?page_id=20","title":{"rendered":"Eyelash Extensions"},"content":{"rendered":"<p>Single eyelash extensions er de smukkeste og mest naturlige vipper p\u00e5 markedet. Vi tilbyder eyelashes af h\u00f8j kvalitet for et mere naturligt og flot look.<\/p>\n<p>\u200bP\u00e5s\u00e6tningen af vipperne foreg\u00e5r enkeltvis, hvor der p\u00e5s\u00e6ttes en kunstig vippe p\u00e5 hver af vippeh\u00e5rene. Under hele p\u00e5s\u00e6tningen af eyelashes vil man ligge afslappet p\u00e5 ryggen med lukkede \u00f8jne. Der bruges en god, fleksibel og holdbar lim til p\u00e5s\u00e6tningen af de p\u00e5g\u00e6ldende eyelashes, som er af h\u00f8j kvalitet og tilmed garanterer et godt resultat.<\/p>\n<p><em>Fjern gerne mascara og make-up f\u00f8r du kommer og mindst 15 min f\u00f8r p\u00e5s\u00e6tning<\/em><\/p>\n<p><em>Har du sarte \u00f8jne eller lider af allergi er du velkommen til at komme til os minimum 24 timer f\u00f8r p\u00e5s\u00e6tning og f\u00e5 en lille test med vores lim.\u200b<\/em><\/p>\n<p>&nbsp;<\/p>\n","protected":false},"excerpt":{"rendered":"<p>Single eyelash extensions er de smukkeste og mest naturlige vipper p\u00e5 markedet. Vi tilbyder eyelashes af h\u00f8j kvalitet for et mere naturligt og flot look. \u200bP\u00e5s\u00e6tningen af vipperne foreg\u00e5r enkeltvis, hvor der p\u00e5s\u00e6ttes en kunstig vippe p\u00e5 hver af vippeh\u00e5rene. Under hele p\u00e5s\u00e6tningen af eyelashes vil man ligge afslappet p\u00e5 ryggen med lukkede \u00f8jne. Der &hellip; <\/p>\n<p class=\"link-more\"><a href=\"http:\/\/demo08.cs-webdesign.dk\/?page_id=20\" class=\"more-link\">L\u00e6s videre<span class=\"screen-reader-text\"> &#8220;Eyelash Extensions&#8221;<\/span><\/a><\/p>\n","protected":false},"author":2,"featured_media":152,"parent":0,"menu_order":0,"comment_status":"closed","ping_status":"closed","template":"","meta":[],"_links":{"self":[{"href":"http:\/\/demo08.cs-webdesign.dk\/index.php?rest_route=\/wp\/v2\/pages\/20"}],"collection":[{"href":"http:\/\/demo08.cs-webdesign.dk\/index.php?rest_route=\/wp\/v2\/pages"}],"about":[{"href":"http:\/\/demo08.cs-webdesign.dk\/index.php?rest_route=\/wp\/v2\/types\/page"}],"author":[{"embeddable":true,"href":"http:\/\/demo08.cs-webdesign.dk\/index.php?rest_route=\/wp\/v2\/users\/2"}],"replies":[{"embeddable":true,"href":"http:\/\/demo08.cs-webdesign.dk\/index.php?rest_route=%2Fwp%2Fv2%2Fcomments&post=20"}],"version-history":[{"count":4,"href":"http:\/\/demo08.cs-webdesign.dk\/index.php?rest_route=\/wp\/v2\/pages\/20\/revisions"}],"predecessor-version":[{"id":153,"href":"http:\/\/demo08.cs-webdesign.dk\/index.php?rest_route=\/wp\/v2\/pages\/20\/revisions\/153"}],"wp:featuredmedia":[{"embeddable":true,"href":"http:\/\/demo08.cs-webdesign.dk\/index.php?rest_route=\/wp\/v2\/media\/152"}],"wp:attachment":[{"href":"http:\/\/demo08.cs-webdesign.dk\/index.php?rest_route=%2Fwp%2Fv2%2Fmedia&parent=20"}],"curies":[{"name":"wp","href":"https:\/\/api.w.org\/{rel}","templated":true}]}}